{"id":86,"date":"2025-04-16T16:17:11","date_gmt":"2025-04-16T14:17:11","guid":{"rendered":"https:\/\/infirmiere-ganges.fr\/?page_id=86"},"modified":"2025-04-19T15:01:04","modified_gmt":"2025-04-19T13:01:04","slug":"horaires-contact","status":"publish","type":"page","link":"https:\/\/infirmiere-ganges.fr\/index.php\/horaires-contact\/","title":{"rendered":"Horaires \/ Contact"},"content":{"rendered":"\n<p>Vous recherchez une infirmi\u00e8re pour des soins sur Ganges ou les communes limitrophes (Laroque, Cazilhac, Moul\u00e8s et Baucels, Saint Julien de la Nef) ?<\/p>\n\n\n\n<p>Les infirmi\u00e8res de notre \u00e9quipe se d\u00e9placent chez vous, 7 jours sur 7, de 7h30 \u00e0 19h30.<\/p>\n\n\n\n<p>Pour prendre rendez-vous, t\u00e9l\u00e9phonez nous : <strong>04.67.73.82.11 \/ 06.76.58.69.91<\/strong><\/p>\n\n\n\n<p>Nous recevons aussi les patients \u00e0 notre cabinet : <strong>Plan de l&rsquo;Hormeau &#8211; 12 avenue Anciens Combattants &#8211; 34190 Ganges<\/strong><\/p>\n\n\n\n<p>Soins infirmiers \u00e0 domicile ou au cabinet infirmier sur prescription m\u00e9dicale<\/p>\n","protected":false},"excerpt":{"rendered":"<p>Vous recherchez une infirmi\u00e8re pour des soins sur Ganges ou les communes limitrophes (Laroque, Cazilhac, Moul\u00e8s et Baucels, Saint Julien [&hellip;]<\/p>\n","protected":false},"author":1,"featured_media":0,"parent":0,"menu_order":0,"comment_status":"closed","ping_status":"closed","template":"","meta":{"site-sidebar-layout":"default","site-content-layout":"","ast-site-content-layout":"default","site-content-style":"default","site-sidebar-style":"default","ast-global-header-display":"","ast-banner-title-visibility":"","ast-main-header-display":"","ast-hfb-above-header-display":"","ast-hfb-below-header-display":"","ast-hfb-mobile-header-display":"","site-post-title":"","ast-breadcrumbs-content":"","ast-featured-img":"","footer-sml-layout":"","ast-disable-related-posts":"","theme-transparent-header-meta":"","adv-header-id-meta":"","stick-header-meta":"","header-above-stick-meta":"","header-main-stick-meta":"","header-below-stick-meta":"","astra-migrate-meta-layouts":"default","ast-page-background-enabled":"default","ast-page-background-meta":{"desktop":{"background-color":"var(--ast-global-color-5)","background-image":"","background-repeat":"repeat","background-position":"center center","background-size":"auto","background-attachment":"scroll","background-type":"","background-media":"","overlay-type":"","overlay-color":"","overlay-opacity":"","overlay-gradient":""},"tablet":{"background-color":"","background-image":"","background-repeat":"repeat","background-position":"center center","background-size":"auto","background-attachment":"scroll","background-type":"","background-media":"","overlay-type":"","overlay-color":"","overlay-opacity":"","overlay-gradient":""},"mobile":{"background-color":"","background-image":"","background-repeat":"repeat","background-position":"center center","background-size":"auto","background-attachment":"scroll","background-type":"","background-media":"","overlay-type":"","overlay-color":"","overlay-opacity":"","overlay-gradient":""}},"ast-content-background-meta":{"desktop":{"background-color":"var(--ast-global-color-4)","background-image":"","background-repeat":"repeat","background-position":"center center","background-size":"auto","background-attachment":"scroll","background-type":"","background-media":"","overlay-type":"","overlay-color":"","overlay-opacity":"","overlay-gradient":""},"tablet":{"background-color":"var(--ast-global-color-4)","background-image":"","background-repeat":"repeat","background-position":"center center","background-size":"auto","background-attachment":"scroll","background-type":"","background-media":"","overlay-type":"","overlay-color":"","overlay-opacity":"","overlay-gradient":""},"mobile":{"background-color":"var(--ast-global-color-4)","background-image":"","background-repeat":"repeat","background-position":"center center","background-size":"auto","background-attachment":"scroll","background-type":"","background-media":"","overlay-type":"","overlay-color":"","overlay-opacity":"","overlay-gradient":""}},"footnotes":""},"class_list":["post-86","page","type-page","status-publish","hentry"],"_links":{"self":[{"href":"https:\/\/infirmiere-ganges.fr\/index.php\/wp-json\/wp\/v2\/pages\/86","targetHints":{"allow":["GET"]}}],"collection":[{"href":"https:\/\/infirmiere-ganges.fr\/index.php\/wp-json\/wp\/v2\/pages"}],"about":[{"href":"https:\/\/infirmiere-ganges.fr\/index.php\/wp-json\/wp\/v2\/types\/page"}],"author":[{"embeddable":true,"href":"https:\/\/infirmiere-ganges.fr\/index.php\/wp-json\/wp\/v2\/users\/1"}],"replies":[{"embeddable":true,"href":"https:\/\/infirmiere-ganges.fr\/index.php\/wp-json\/wp\/v2\/comments?post=86"}],"version-history":[{"count":10,"href":"https:\/\/infirmiere-ganges.fr\/index.php\/wp-json\/wp\/v2\/pages\/86\/revisions"}],"predecessor-version":[{"id":168,"href":"https:\/\/infirmiere-ganges.fr\/index.php\/wp-json\/wp\/v2\/pages\/86\/revisions\/168"}],"wp:attachment":[{"href":"https:\/\/infirmiere-ganges.fr\/index.php\/wp-json\/wp\/v2\/media?parent=86"}],"curies":[{"name":"wp","href":"https:\/\/api.w.org\/{rel}","templated":true}]}}