{"id":84,"date":"2025-04-16T16:15:22","date_gmt":"2025-04-16T14:15:22","guid":{"rendered":"https:\/\/infirmiere-ganges.fr\/?page_id=84"},"modified":"2025-06-13T11:26:10","modified_gmt":"2025-06-13T09:26:10","slug":"notre-equipe","status":"publish","type":"page","link":"https:\/\/infirmiere-ganges.fr\/index.php\/notre-equipe\/","title":{"rendered":"Equipe"},"content":{"rendered":"\n<p><\/p>\n\n\n\n<p><strong>Pascale OROZCO GICQUIAU<\/strong><\/p>\n\n\n\n<blockquote class=\"wp-block-quote is-layout-flow wp-block-quote-is-layout-flow\">\n<ul class=\"wp-block-list\">\n<li>Infirmi\u00e8re lib\u00e9rale depuis 1988<\/li>\n\n\n\n<li>Dipl\u00f4me IDE en 1988<\/li>\n\n\n\n<li>Formations compl\u00e9mentaires :\n<ul class=\"wp-block-list\">\n<li>Dipl\u00f4me Universitaire d&rsquo;\u00e9ducation th\u00e9rapeutique du patient<\/li>\n\n\n\n<li>Dipl\u00f4me Inter Universitaire \u00e0 la prise en charge de la douleur<\/li>\n\n\n\n<li>Dipl\u00f4me d&rsquo;Universit\u00e9 Formation des professionnels de sant\u00e9 \u00e0 l&rsquo;\u00e9ducation pour la sant\u00e9 des patients<\/li>\n<\/ul>\n<\/li>\n<\/ul>\n<\/blockquote>\n\n\n\n<blockquote class=\"wp-block-quote is-layout-flow wp-block-quote-is-layout-flow\">\n<p><strong>Marie-Bel GUIBAL<\/strong> <strong>BROUSSOUX<\/strong><\/p>\n\n\n\n<ul class=\"wp-block-list\">\n<li>Infirmi\u00e8re lib\u00e9rale depuis 2000<\/li>\n\n\n\n<li>Dipl\u00f4me IDE en 1992<\/li>\n\n\n\n<li>Formations compl\u00e9mentaires :\n<ul class=\"wp-block-list\">\n<li>Dipl\u00f4me d&rsquo;Universit\u00e9 Plaies et Cicatrisations<\/li>\n\n\n\n<li>Certificat d&rsquo;Approfondissement \u00e0 la d\u00e9marche clinique infirmi\u00e8re<\/li>\n<\/ul>\n<\/li>\n<\/ul>\n<\/blockquote>\n\n\n\n<blockquote class=\"wp-block-quote is-layout-flow wp-block-quote-is-layout-flow\">\n<p><strong>Esther MANKWE<\/strong><\/p>\n\n\n\n<ul class=\"wp-block-list\">\n<li>Dipl\u00f4me IDE <\/li>\n<\/ul>\n<\/blockquote>\n\n\n\n<blockquote class=\"wp-block-quote is-layout-flow wp-block-quote-is-layout-flow\">\n<p><strong>Florence BANGIL<\/strong><\/p>\n\n\n\n<ul class=\"wp-block-list\">\n<li>Dipl\u00f4me IDE <\/li>\n<\/ul>\n<\/blockquote>\n\n\n\n<p><img loading=\"lazy\" decoding=\"async\" width=\"150\" height=\"158\" class=\"wp-image-98\" style=\"width: 150px;\" src=\"http:\/\/infirmiere-ganges.fr\/wp-content\/uploads\/2025\/04\/Logo-national_orde-infirmier.png\" alt=\"\"><\/p>\n","protected":false},"excerpt":{"rendered":"<p>Pascale OROZCO GICQUIAU<\/p>\n","protected":false},"author":1,"featured_media":0,"parent":0,"menu_order":0,"comment_status":"closed","ping_status":"closed","template":"","meta":{"site-sidebar-layout":"default","site-content-layout":"","ast-site-content-layout":"default","site-content-style":"default","site-sidebar-style":"default","ast-global-header-display":"","ast-banner-title-visibility":"","ast-main-header-display":"","ast-hfb-above-header-display":"","ast-hfb-below-header-display":"","ast-hfb-mobile-header-display":"","site-post-title":"","ast-breadcrumbs-content":"","ast-featured-img":"","footer-sml-layout":"","ast-disable-related-posts":"","theme-transparent-header-meta":"","adv-header-id-meta":"","stick-header-meta":"","header-above-stick-meta":"","header-main-stick-meta":"","header-below-stick-meta":"","astra-migrate-meta-layouts":"default","ast-page-background-enabled":"default","ast-page-background-meta":{"desktop":{"background-color":"var(--ast-global-color-5)","background-image":"","background-repeat":"repeat","background-position":"center center","background-size":"auto","background-attachment":"scroll","background-type":"","background-media":"","overlay-type":"","overlay-color":"","overlay-opacity":"","overlay-gradient":""},"tablet":{"background-color":"","background-image":"","background-repeat":"repeat","background-position":"center center","background-size":"auto","background-attachment":"scroll","background-type":"","background-media":"","overlay-type":"","overlay-color":"","overlay-opacity":"","overlay-gradient":""},"mobile":{"background-color":"","background-image":"","background-repeat":"repeat","background-position":"center center","background-size":"auto","background-attachment":"scroll","background-type":"","background-media":"","overlay-type":"","overlay-color":"","overlay-opacity":"","overlay-gradient":""}},"ast-content-background-meta":{"desktop":{"background-color":"var(--ast-global-color-4)","background-image":"","background-repeat":"repeat","background-position":"center center","background-size":"auto","background-attachment":"scroll","background-type":"","background-media":"","overlay-type":"","overlay-color":"","overlay-opacity":"","overlay-gradient":""},"tablet":{"background-color":"var(--ast-global-color-4)","background-image":"","background-repeat":"repeat","background-position":"center center","background-size":"auto","background-attachment":"scroll","background-type":"","background-media":"","overlay-type":"","overlay-color":"","overlay-opacity":"","overlay-gradient":""},"mobile":{"background-color":"var(--ast-global-color-4)","background-image":"","background-repeat":"repeat","background-position":"center center","background-size":"auto","background-attachment":"scroll","background-type":"","background-media":"","overlay-type":"","overlay-color":"","overlay-opacity":"","overlay-gradient":""}},"footnotes":""},"class_list":["post-84","page","type-page","status-publish","hentry"],"_links":{"self":[{"href":"https:\/\/infirmiere-ganges.fr\/index.php\/wp-json\/wp\/v2\/pages\/84","targetHints":{"allow":["GET"]}}],"collection":[{"href":"https:\/\/infirmiere-ganges.fr\/index.php\/wp-json\/wp\/v2\/pages"}],"about":[{"href":"https:\/\/infirmiere-ganges.fr\/index.php\/wp-json\/wp\/v2\/types\/page"}],"author":[{"embeddable":true,"href":"https:\/\/infirmiere-ganges.fr\/index.php\/wp-json\/wp\/v2\/users\/1"}],"replies":[{"embeddable":true,"href":"https:\/\/infirmiere-ganges.fr\/index.php\/wp-json\/wp\/v2\/comments?post=84"}],"version-history":[{"count":19,"href":"https:\/\/infirmiere-ganges.fr\/index.php\/wp-json\/wp\/v2\/pages\/84\/revisions"}],"predecessor-version":[{"id":203,"href":"https:\/\/infirmiere-ganges.fr\/index.php\/wp-json\/wp\/v2\/pages\/84\/revisions\/203"}],"wp:attachment":[{"href":"https:\/\/infirmiere-ganges.fr\/index.php\/wp-json\/wp\/v2\/media?parent=84"}],"curies":[{"name":"wp","href":"https:\/\/api.w.org\/{rel}","templated":true}]}}