{"id":2,"date":"2025-04-16T11:16:36","date_gmt":"2025-04-16T09:16:36","guid":{"rendered":"http:\/\/infirmiere-ganges.fr\/?page_id=2"},"modified":"2025-04-19T15:45:43","modified_gmt":"2025-04-19T13:45:43","slug":"soins-a-domicile-ou-au-cabinet","status":"publish","type":"page","link":"https:\/\/infirmiere-ganges.fr\/index.php\/soins-a-domicile-ou-au-cabinet\/","title":{"rendered":"Soins"},"content":{"rendered":"\n<p>Notre \u00e9quipe intervient \u00e0 votre domicile ou \u00e0 notre cabinet pour vous prodiguer les soins infirmiers destin\u00e9s \u00e0 am\u00e9liorer, restaurer ou maintenir votre sant\u00e9. Nous travaillons en partenariat avec votre m\u00e9decin traitant, la Maison de Sant\u00e9 Pluriprofessionnelle (MSP) la Seranne, la clinique Saint Louis et les autres r\u00e9seaux de soins locaux.<\/p>\n\n\n\n<blockquote class=\"wp-block-quote is-layout-flow wp-block-quote-is-layout-flow\">\n<p><strong>Nous proposons les bilans de pr\u00e9vention pr\u00e9conis\u00e9s par la S\u00e9curit\u00e9 Sociale aux diff\u00e9rents \u00e2ges cl\u00e9s de la vie : <\/strong><\/p>\n\n\n\n<ul class=\"wp-block-list\">\n<li class=\"has-ast-global-color-2-color has-text-color has-link-color wp-elements-99fdc5277fda61f816bb5a08315c539e\" style=\"font-size:18px\">18 \u00e0 25 ans<\/li>\n\n\n\n<li class=\"has-ast-global-color-2-color has-text-color has-link-color wp-elements-4203fed2459992293b5e8304fb6dd470\" style=\"font-size:18px\">45 \u00e0 50 ans<\/li>\n\n\n\n<li class=\"has-ast-global-color-2-color has-text-color has-link-color wp-elements-b3c15171e8228574297f9d335a7e8bde\" style=\"font-size:18px\">60 \u00e0 65 ans<\/li>\n\n\n\n<li class=\"has-ast-global-color-2-color has-text-color has-link-color wp-elements-5ebd3311c68a4570f7e2570b930f9b6a\" style=\"font-size:18px\">70 \u00e0 75 ans<\/li>\n<\/ul>\n\n\n\n<p><strong>Nous proposons aussi des d\u00e9pistages de fragilit\u00e9 pour les personnes \u00e2g\u00e9es de plus 60 ans (programme ICOPE pr\u00e9sent dans toute l&rsquo;Occitanie) <\/strong><\/p>\n\n\n\n<p><strong>Nous <strong>pratiquons <\/strong>tous les actes infirmiers r\u00e9f\u00e9renc\u00e9s dans la nomenclature infirmi\u00e8re :<\/strong><\/p>\n\n\n\n<ul class=\"wp-block-list\">\n<li class=\"has-ast-global-color-2-color has-text-color has-link-color wp-elements-8e7c16d8b7a2c32eebbcbfff102e4795\" style=\"font-size:18px\">Surveillance clinique et administration des th\u00e9rapeutiques<\/li>\n\n\n\n<li class=\"has-ast-global-color-2-color has-text-color has-link-color wp-elements-ad2d5e4aa327bb09e011c1a169ba1083\" style=\"font-size:18px\">Soins\u00a0et surveillance des patients avec pathologies chroniques (diab\u00e8te, cardiopathie,&#8230;)<\/li>\n\n\n\n<li class=\"has-ast-global-color-2-color has-text-color has-link-color wp-elements-0d4a55b8ccea5ca3a2c73505b5aab629\" style=\"font-size:18px\">Pansements<\/li>\n\n\n\n<li class=\"has-ast-global-color-2-color has-text-color has-link-color wp-elements-3baff8deeab475a99ae1301795215260\" style=\"font-size:18px\">Injections et pr\u00e9l\u00e8vements<\/li>\n\n\n\n<li class=\"has-ast-global-color-2-color has-text-color has-link-color wp-elements-3f0009c48105ad88f57cf177755806d9\" style=\"font-size:18px\">Perfusions \u00e0 domicile<\/li>\n\n\n\n<li class=\"has-ast-global-color-2-color has-text-color has-link-color wp-elements-d0fe3b4d6db8f7a11fecb909ed0b83bf\" style=\"font-size:18px\">Chimioth\u00e9rapie \u00e0 domicile<\/li>\n<\/ul>\n\n\n\n<h6 class=\"wp-block-heading\">Pour d\u00e9buter une prise en charge et obtenir le remboursement de ces soins, une prescription m\u00e9dicale est obligatoire.<\/h6>\n<\/blockquote>\n","protected":false},"excerpt":{"rendered":"<p>Notre \u00e9quipe intervient \u00e0 votre domicile ou \u00e0 notre cabinet pour vous prodiguer les soins infirmiers destin\u00e9s \u00e0 am\u00e9liorer, restaurer [&hellip;]<\/p>\n","protected":false},"author":1,"featured_media":0,"parent":0,"menu_order":0,"comment_status":"closed","ping_status":"closed","template":"","meta":{"site-sidebar-layout":"default","site-content-layout":"","ast-site-content-layout":"default","site-content-style":"default","site-sidebar-style":"default","ast-global-header-display":"","ast-banner-title-visibility":"","ast-main-header-display":"","ast-hfb-above-header-display":"","ast-hfb-below-header-display":"","ast-hfb-mobile-header-display":"","site-post-title":"","ast-breadcrumbs-content":"","ast-featured-img":"","footer-sml-layout":"","ast-disable-related-posts":"","theme-transparent-header-meta":"","adv-header-id-meta":"","stick-header-meta":"","header-above-stick-meta":"","header-main-stick-meta":"","header-below-stick-meta":"","astra-migrate-meta-layouts":"default","ast-page-background-enabled":"default","ast-page-background-meta":{"desktop":{"background-color":"var(--ast-global-color-5)","background-image":"","background-repeat":"repeat","background-position":"center center","background-size":"auto","background-attachment":"scroll","background-type":"","background-media":"","overlay-type":"","overlay-color":"","overlay-opacity":"","overlay-gradient":""},"tablet":{"background-color":"","background-image":"","background-repeat":"repeat","background-position":"center center","background-size":"auto","background-attachment":"scroll","background-type":"","background-media":"","overlay-type":"","overlay-color":"","overlay-opacity":"","overlay-gradient":""},"mobile":{"background-color":"","background-image":"","background-repeat":"repeat","background-position":"center center","background-size":"auto","background-attachment":"scroll","background-type":"","background-media":"","overlay-type":"","overlay-color":"","overlay-opacity":"","overlay-gradient":""}},"ast-content-background-meta":{"desktop":{"background-color":"var(--ast-global-color-4)","background-image":"","background-repeat":"repeat","background-position":"center center","background-size":"auto","background-attachment":"scroll","background-type":"","background-media":"","overlay-type":"","overlay-color":"","overlay-opacity":"","overlay-gradient":""},"tablet":{"background-color":"var(--ast-global-color-4)","background-image":"","background-repeat":"repeat","background-position":"center center","background-size":"auto","background-attachment":"scroll","background-type":"","background-media":"","overlay-type":"","overlay-color":"","overlay-opacity":"","overlay-gradient":""},"mobile":{"background-color":"var(--ast-global-color-4)","background-image":"","background-repeat":"repeat","background-position":"center center","background-size":"auto","background-attachment":"scroll","background-type":"","background-media":"","overlay-type":"","overlay-color":"","overlay-opacity":"","overlay-gradient":""}},"footnotes":""},"class_list":["post-2","page","type-page","status-publish","hentry"],"_links":{"self":[{"href":"https:\/\/infirmiere-ganges.fr\/index.php\/wp-json\/wp\/v2\/pages\/2","targetHints":{"allow":["GET"]}}],"collection":[{"href":"https:\/\/infirmiere-ganges.fr\/index.php\/wp-json\/wp\/v2\/pages"}],"about":[{"href":"https:\/\/infirmiere-ganges.fr\/index.php\/wp-json\/wp\/v2\/types\/page"}],"author":[{"embeddable":true,"href":"https:\/\/infirmiere-ganges.fr\/index.php\/wp-json\/wp\/v2\/users\/1"}],"replies":[{"embeddable":true,"href":"https:\/\/infirmiere-ganges.fr\/index.php\/wp-json\/wp\/v2\/comments?post=2"}],"version-history":[{"count":28,"href":"https:\/\/infirmiere-ganges.fr\/index.php\/wp-json\/wp\/v2\/pages\/2\/revisions"}],"predecessor-version":[{"id":188,"href":"https:\/\/infirmiere-ganges.fr\/index.php\/wp-json\/wp\/v2\/pages\/2\/revisions\/188"}],"wp:attachment":[{"href":"https:\/\/infirmiere-ganges.fr\/index.php\/wp-json\/wp\/v2\/media?parent=2"}],"curies":[{"name":"wp","href":"https:\/\/api.w.org\/{rel}","templated":true}]}}